{"id":198,"date":"2025-02-07T12:01:52","date_gmt":"2025-02-07T11:01:52","guid":{"rendered":"https:\/\/labs.100x100.net\/projects\/adriana\/estudi\/"},"modified":"2025-04-03T09:42:59","modified_gmt":"2025-04-03T07:42:59","slug":"estudio","status":"publish","type":"page","link":"https:\/\/www.adrianarius.com\/es\/estudio\/","title":{"rendered":"Estudio"},"content":{"rendered":"","protected":false},"excerpt":{"rendered":"","protected":false},"author":1,"featured_media":0,"parent":0,"menu_order":0,"comment_status":"closed","ping_status":"closed","template":"page-about.php","meta":{"_acf_changed":false,"footnotes":""},"class_list":["post-198","page","type-page","status-publish","hentry"],"acf":[],"yoast_head":"<!-- This site is optimized with the Yoast SEO plugin v27.2 - https:\/\/yoast.com\/product\/yoast-seo-wordpress\/ -->\n<title>Estudio Adriana Rius \u2013 Dise\u00f1o Digital y Gr\u00e1fico Funcional<\/title>\n<meta name=\"description\" content=\"Creatividad y racionalidad en dise\u00f1o digital y gr\u00e1fico. Adriana Rius crea proyectos claros, sencillos y estructurados en Barcelona y Menorca.\" \/>\n<meta name=\"robots\" content=\"index, follow, max-snippet:-1, max-image-preview:large, max-video-preview:-1\" \/>\n<link rel=\"canonical\" href=\"https:\/\/www.adrianarius.com\/es\/estudio\/\" \/>\n<meta property=\"og:locale\" content=\"es_ES\" \/>\n<meta property=\"og:type\" content=\"article\" \/>\n<meta property=\"og:title\" content=\"Estudio Adriana Rius \u2013 Dise\u00f1o Digital y Gr\u00e1fico Funcional\" \/>\n<meta property=\"og:description\" content=\"Creatividad y racionalidad en dise\u00f1o digital y gr\u00e1fico. Adriana Rius crea proyectos claros, sencillos y estructurados en Barcelona y Menorca.\" \/>\n<meta property=\"og:url\" content=\"https:\/\/www.adrianarius.com\/es\/estudio\/\" \/>\n<meta property=\"og:site_name\" content=\"Adriana Rius\" \/>\n<meta property=\"article:modified_time\" content=\"2025-04-03T07:42:59+00:00\" \/>\n<meta name=\"twitter:card\" content=\"summary_large_image\" \/>\n<script type=\"application\/ld+json\" class=\"yoast-schema-graph\">{\"@context\":\"https:\/\/schema.org\",\"@graph\":[{\"@type\":\"WebPage\",\"@id\":\"https:\/\/www.adrianarius.com\/es\/estudio\/\",\"url\":\"https:\/\/www.adrianarius.com\/es\/estudio\/\",\"name\":\"Estudio Adriana Rius \u2013 Dise\u00f1o Digital y Gr\u00e1fico Funcional\",\"isPartOf\":{\"@id\":\"https:\/\/www.adrianarius.com\/es\/#website\"},\"datePublished\":\"2025-02-07T11:01:52+00:00\",\"dateModified\":\"2025-04-03T07:42:59+00:00\",\"description\":\"Creatividad y racionalidad en dise\u00f1o digital y gr\u00e1fico. Adriana Rius crea proyectos claros, sencillos y estructurados en Barcelona y Menorca.\",\"breadcrumb\":{\"@id\":\"https:\/\/www.adrianarius.com\/es\/estudio\/#breadcrumb\"},\"inLanguage\":\"es\",\"potentialAction\":[{\"@type\":\"ReadAction\",\"target\":[\"https:\/\/www.adrianarius.com\/es\/estudio\/\"]}]},{\"@type\":\"BreadcrumbList\",\"@id\":\"https:\/\/www.adrianarius.com\/es\/estudio\/#breadcrumb\",\"itemListElement\":[{\"@type\":\"ListItem\",\"position\":1,\"name\":\"Inici\",\"item\":\"https:\/\/www.adrianarius.com\/es\/\"},{\"@type\":\"ListItem\",\"position\":2,\"name\":\"Estudio\"}]},{\"@type\":\"WebSite\",\"@id\":\"https:\/\/www.adrianarius.com\/es\/#website\",\"url\":\"https:\/\/www.adrianarius.com\/es\/\",\"name\":\"Adriana Rius\",\"description\":\"Dissenyadora digital i gr\u00e0fica. Barcelona i Menorca.\",\"potentialAction\":[{\"@type\":\"SearchAction\",\"target\":{\"@type\":\"EntryPoint\",\"urlTemplate\":\"https:\/\/www.adrianarius.com\/es\/?s={search_term_string}\"},\"query-input\":{\"@type\":\"PropertyValueSpecification\",\"valueRequired\":true,\"valueName\":\"search_term_string\"}}],\"inLanguage\":\"es\"}]}<\/script>\n<!-- \/ Yoast SEO plugin. -->","yoast_head_json":{"title":"Estudio Adriana Rius \u2013 Dise\u00f1o Digital y Gr\u00e1fico Funcional","description":"Creatividad y racionalidad en dise\u00f1o digital y gr\u00e1fico. Adriana Rius crea proyectos claros, sencillos y estructurados en Barcelona y Menorca.","robots":{"index":"index","follow":"follow","max-snippet":"max-snippet:-1","max-image-preview":"max-image-preview:large","max-video-preview":"max-video-preview:-1"},"canonical":"https:\/\/www.adrianarius.com\/es\/estudio\/","og_locale":"es_ES","og_type":"article","og_title":"Estudio Adriana Rius \u2013 Dise\u00f1o Digital y Gr\u00e1fico Funcional","og_description":"Creatividad y racionalidad en dise\u00f1o digital y gr\u00e1fico. Adriana Rius crea proyectos claros, sencillos y estructurados en Barcelona y Menorca.","og_url":"https:\/\/www.adrianarius.com\/es\/estudio\/","og_site_name":"Adriana Rius","article_modified_time":"2025-04-03T07:42:59+00:00","twitter_card":"summary_large_image","schema":{"@context":"https:\/\/schema.org","@graph":[{"@type":"WebPage","@id":"https:\/\/www.adrianarius.com\/es\/estudio\/","url":"https:\/\/www.adrianarius.com\/es\/estudio\/","name":"Estudio Adriana Rius \u2013 Dise\u00f1o Digital y Gr\u00e1fico Funcional","isPartOf":{"@id":"https:\/\/www.adrianarius.com\/es\/#website"},"datePublished":"2025-02-07T11:01:52+00:00","dateModified":"2025-04-03T07:42:59+00:00","description":"Creatividad y racionalidad en dise\u00f1o digital y gr\u00e1fico. Adriana Rius crea proyectos claros, sencillos y estructurados en Barcelona y Menorca.","breadcrumb":{"@id":"https:\/\/www.adrianarius.com\/es\/estudio\/#breadcrumb"},"inLanguage":"es","potentialAction":[{"@type":"ReadAction","target":["https:\/\/www.adrianarius.com\/es\/estudio\/"]}]},{"@type":"BreadcrumbList","@id":"https:\/\/www.adrianarius.com\/es\/estudio\/#breadcrumb","itemListElement":[{"@type":"ListItem","position":1,"name":"Inici","item":"https:\/\/www.adrianarius.com\/es\/"},{"@type":"ListItem","position":2,"name":"Estudio"}]},{"@type":"WebSite","@id":"https:\/\/www.adrianarius.com\/es\/#website","url":"https:\/\/www.adrianarius.com\/es\/","name":"Adriana Rius","description":"Dissenyadora digital i gr\u00e0fica. Barcelona i Menorca.","potentialAction":[{"@type":"SearchAction","target":{"@type":"EntryPoint","urlTemplate":"https:\/\/www.adrianarius.com\/es\/?s={search_term_string}"},"query-input":{"@type":"PropertyValueSpecification","valueRequired":true,"valueName":"search_term_string"}}],"inLanguage":"es"}]}},"_links":{"self":[{"href":"https:\/\/www.adrianarius.com\/es\/wp-json\/wp\/v2\/pages\/198","targetHints":{"allow":["GET"]}}],"collection":[{"href":"https:\/\/www.adrianarius.com\/es\/wp-json\/wp\/v2\/pages"}],"about":[{"href":"https:\/\/www.adrianarius.com\/es\/wp-json\/wp\/v2\/types\/page"}],"author":[{"embeddable":true,"href":"https:\/\/www.adrianarius.com\/es\/wp-json\/wp\/v2\/users\/1"}],"replies":[{"embeddable":true,"href":"https:\/\/www.adrianarius.com\/es\/wp-json\/wp\/v2\/comments?post=198"}],"version-history":[{"count":6,"href":"https:\/\/www.adrianarius.com\/es\/wp-json\/wp\/v2\/pages\/198\/revisions"}],"predecessor-version":[{"id":394,"href":"https:\/\/www.adrianarius.com\/es\/wp-json\/wp\/v2\/pages\/198\/revisions\/394"}],"wp:attachment":[{"href":"https:\/\/www.adrianarius.com\/es\/wp-json\/wp\/v2\/media?parent=198"}],"curies":[{"name":"wp","href":"https:\/\/api.w.org\/{rel}","templated":true}]}}